{"id":1448,"date":"2025-02-21T18:33:18","date_gmt":"2025-02-21T18:33:18","guid":{"rendered":"https:\/\/upnowaste.eu\/home-2\/"},"modified":"2025-02-22T12:17:01","modified_gmt":"2025-02-22T12:17:01","slug":"home-2","status":"publish","type":"page","link":"https:\/\/upnowaste.eu\/tr\/","title":{"rendered":"Anasayfa"},"content":{"rendered":"<div data-elementor-type=\"wp-page\" data-elementor-id=\"1448\" class=\"elementor elementor-1448\" data-elementor-post-type=\"page\">\n\t\t\t\t<div class=\"elementor-element elementor-element-9783628 e-con-full e-flex e-con e-parent\" data-id=\"9783628\" data-element_type=\"container\" data-e-type=\"container\" data-settings=\"{&quot;background_background&quot;:&quot;classic&quot;}\">\n\t\t<div class=\"elementor-element elementor-element-05ba369 e-con-full e-flex e-con e-child\" data-id=\"05ba369\" data-element_type=\"container\" data-e-type=\"container\">\n\t\t\t\t<\/div>\n\t\t\t\t<\/div>\n\t\t<div class=\"elementor-element elementor-element-79c45e3 e-flex e-con-boxed e-con e-parent\" data-id=\"79c45e3\" data-element_type=\"container\" data-e-type=\"container\">\n\t\t\t\t\t<div class=\"e-con-inner\">\n\t\t<div class=\"elementor-element elementor-element-e5856a5 e-con-full e-flex e-con e-child\" data-id=\"e5856a5\" data-element_type=\"container\" data-e-type=\"container\">\n\t\t\t\t<div class=\"elementor-element elementor-element-730927d elementor-widget elementor-widget-heading\" data-id=\"730927d\" data-element_type=\"widget\" data-e-type=\"widget\" data-widget_type=\"heading.default\">\n\t\t\t\t<div class=\"elementor-widget-container\">\n\t\t\t\t\t<h2 class=\"elementor-heading-title elementor-size-default\">Proje Hakk\u0131nda<\/h2>\t\t\t\t<\/div>\n\t\t\t\t<\/div>\n\t\t\t\t<div class=\"elementor-element elementor-element-76c64fc elementor-widget elementor-widget-text-editor\" data-id=\"76c64fc\" data-element_type=\"widget\" data-e-type=\"widget\" data-widget_type=\"text-editor.default\">\n\t\t\t\t<div class=\"elementor-widget-container\">\n\t\t\t\t\t\t\t\t\t<p>UPNOWASTE, at\u0131k azalt\u0131m\u0131n\u0131 te\u015fvik etmeye ve ileri d\u00f6n\u00fc\u015f\u00fcm yoluyla d\u00f6ng\u00fcsel ekonomiyi geli\u015ftirmeye odaklanan bir Erasmus+ projesidir. Vatanda\u015flar\u0131, malzemeleri yarat\u0131c\u0131 bir \u015fekilde yeniden kullanma, at\u0131klar\u0131 azaltma ve s\u00fcrd\u00fcr\u00fclebilirli\u011fi te\u015fvik etme konusunda bilgi ve becerilerle g\u00fc\u00e7lendirmeyi ama\u00e7lamaktad\u0131r. Proje, ku\u015faklar aras\u0131 \u00f6\u011frenmeyi ve toplumun ileri d\u00f6n\u00fc\u015f\u00fcm uygulamalar\u0131na kat\u0131l\u0131m\u0131n\u0131 te\u015fvik etmek i\u00e7in Tamir Kafesi (Repair Caf\u00e9) metodolojisinden esinlenen \u0130leri D\u00f6n\u00fc\u015f\u00fcm Kafeleri uygulamay\u0131 ama\u00e7lamaktad\u0131r.<\/p>\t\t\t\t\t\t\t\t<\/div>\n\t\t\t\t<\/div>\n\t\t\t\t<\/div>\n\t\t<div class=\"elementor-element elementor-element-52da0ea e-con-full e-flex e-con e-child\" data-id=\"52da0ea\" data-element_type=\"container\" data-e-type=\"container\">\n\t\t\t\t<div class=\"elementor-element elementor-element-5ee262f elementor-widget elementor-widget-image\" data-id=\"5ee262f\" data-element_type=\"widget\" data-e-type=\"widget\" data-widget_type=\"image.default\">\n\t\t\t\t<div class=\"elementor-widget-container\">\n\t\t\t\t\t\t\t\t\t\t\t\t\t\t\t<img fetchpriority=\"high\" decoding=\"async\" width=\"1024\" height=\"683\" src=\"https:\/\/upnowaste.eu\/wp-content\/uploads\/2025\/02\/vecteezy_a-hands-repurposing-an-old-tire-into-a-garden-planter_28533449-1024x683.jpeg\" class=\"attachment-large size-large wp-image-1818\" alt=\"\" srcset=\"https:\/\/upnowaste.eu\/wp-content\/uploads\/2025\/02\/vecteezy_a-hands-repurposing-an-old-tire-into-a-garden-planter_28533449-1024x683.jpeg 1024w, https:\/\/upnowaste.eu\/wp-content\/uploads\/2025\/02\/vecteezy_a-hands-repurposing-an-old-tire-into-a-garden-planter_28533449-300x200.jpeg 300w, https:\/\/upnowaste.eu\/wp-content\/uploads\/2025\/02\/vecteezy_a-hands-repurposing-an-old-tire-into-a-garden-planter_28533449-768x512.jpeg 768w, https:\/\/upnowaste.eu\/wp-content\/uploads\/2025\/02\/vecteezy_a-hands-repurposing-an-old-tire-into-a-garden-planter_28533449-1536x1024.jpeg 1536w, https:\/\/upnowaste.eu\/wp-content\/uploads\/2025\/02\/vecteezy_a-hands-repurposing-an-old-tire-into-a-garden-planter_28533449-2048x1365.jpeg 2048w\" sizes=\"(max-width: 1024px) 100vw, 1024px\" \/>\t\t\t\t\t\t\t\t\t\t\t\t\t\t\t<\/div>\n\t\t\t\t<\/div>\n\t\t\t\t<\/div>\n\t\t\t\t\t<\/div>\n\t\t\t\t<\/div>\n\t\t<div class=\"elementor-element elementor-element-d29428d e-flex e-con-boxed e-con e-parent\" data-id=\"d29428d\" data-element_type=\"container\" data-e-type=\"container\" id=\"project%20partners\">\n\t\t\t\t\t<div class=\"e-con-inner\">\n\t\t\t\t<div class=\"elementor-element elementor-element-6b326c7 elementor-widget elementor-widget-heading\" data-id=\"6b326c7\" data-element_type=\"widget\" data-e-type=\"widget\" data-widget_type=\"heading.default\">\n\t\t\t\t<div class=\"elementor-widget-container\">\n\t\t\t\t\t<h2 class=\"elementor-heading-title elementor-size-default\">Proje Ortaklar\u0131<\/h2>\t\t\t\t<\/div>\n\t\t\t\t<\/div>\n\t\t\t\t\t<\/div>\n\t\t\t\t<\/div>\n\t\t<div class=\"elementor-element elementor-element-dc4d543 e-flex e-con-boxed e-con e-parent\" data-id=\"dc4d543\" data-element_type=\"container\" data-e-type=\"container\">\n\t\t\t\t\t<div class=\"e-con-inner\">\n\t\t<div class=\"elementor-element elementor-element-37f0b92 e-con-full e-flex e-con e-child\" data-id=\"37f0b92\" data-element_type=\"container\" data-e-type=\"container\">\n\t\t\t\t<div class=\"elementor-element elementor-element-b82a2ca elementor-widget elementor-widget-image\" data-id=\"b82a2ca\" data-element_type=\"widget\" data-e-type=\"widget\" data-widget_type=\"image.default\">\n\t\t\t\t<div class=\"elementor-widget-container\">\n\t\t\t\t\t\t\t\t\t\t\t\t\t\t\t\t<a href=\"https:\/\/www.xn--liberet-fvg-e7a.it\/\" target=\"_blank\">\n\t\t\t\t\t\t\t<img decoding=\"async\" width=\"2560\" height=\"470\" src=\"https:\/\/upnowaste.eu\/wp-content\/uploads\/2025\/02\/Logo_ULE-scaled.jpg\" class=\"attachment-full size-full wp-image-39\" alt=\"\" srcset=\"https:\/\/upnowaste.eu\/wp-content\/uploads\/2025\/02\/Logo_ULE-scaled.jpg 2560w, https:\/\/upnowaste.eu\/wp-content\/uploads\/2025\/02\/Logo_ULE-300x55.jpg 300w, https:\/\/upnowaste.eu\/wp-content\/uploads\/2025\/02\/Logo_ULE-1024x188.jpg 1024w, https:\/\/upnowaste.eu\/wp-content\/uploads\/2025\/02\/Logo_ULE-768x141.jpg 768w, https:\/\/upnowaste.eu\/wp-content\/uploads\/2025\/02\/Logo_ULE-1536x282.jpg 1536w, https:\/\/upnowaste.eu\/wp-content\/uploads\/2025\/02\/Logo_ULE-2048x376.jpg 2048w\" sizes=\"(max-width: 2560px) 100vw, 2560px\" \/>\t\t\t\t\t\t\t\t<\/a>\n\t\t\t\t\t\t\t\t\t\t\t\t\t\t\t<\/div>\n\t\t\t\t<\/div>\n\t\t\t\t<div class=\"elementor-element elementor-element-d8fd14a elementor-widget elementor-widget-heading\" data-id=\"d8fd14a\" data-element_type=\"widget\" data-e-type=\"widget\" data-widget_type=\"heading.default\">\n\t\t\t\t<div class=\"elementor-widget-container\">\n\t\t\t\t\t<h4 class=\"elementor-heading-title elementor-size-default\">Universit\u00e0 delle LiberEt\u00e0 del FVG - ETS (\u0130talya)<\/h4>\t\t\t\t<\/div>\n\t\t\t\t<\/div>\n\t\t\t\t<div class=\"elementor-element elementor-element-dcf4cd7 elementor-widget elementor-widget-text-editor\" data-id=\"dcf4cd7\" data-element_type=\"widget\" data-e-type=\"widget\" data-widget_type=\"text-editor.default\">\n\t\t\t\t<div class=\"elementor-widget-container\">\n\t\t\t\t\t\t\t\t\t<p>Yeti\u015fkin e\u011fitimi ve \u00f6\u011fretimi konusunda uzmanla\u015fm\u0131\u015f bir ya\u015fam boyu \u00f6\u011frenme merkezi. Kurulu\u015f, k\u00fclt\u00fcrel ve e\u011fitsel giri\u015fimler yoluyla \u00e7evresel s\u00fcrd\u00fcr\u00fclebilirli\u011fi ve ya\u015fam boyu \u00f6\u011frenmeyi te\u015fvik etmektedir. AB projelerinde deneyim sahibidir ve geri d\u00f6n\u00fc\u015f\u00fcm ve ileri d\u00f6n\u00fc\u015f\u00fcm konular\u0131nda e\u011fitim vermektedir.<\/p>\t\t\t\t\t\t\t\t<\/div>\n\t\t\t\t<\/div>\n\t\t\t\t<\/div>\n\t\t<div class=\"elementor-element elementor-element-781bb8f e-con-full e-flex e-con e-child\" data-id=\"781bb8f\" data-element_type=\"container\" data-e-type=\"container\">\n\t\t\t\t<div class=\"elementor-element elementor-element-f9ec8cb elementor-widget elementor-widget-image\" data-id=\"f9ec8cb\" data-element_type=\"widget\" data-e-type=\"widget\" data-widget_type=\"image.default\">\n\t\t\t\t<div class=\"elementor-widget-container\">\n\t\t\t\t\t\t\t\t\t\t\t\t\t\t\t\t<a href=\"https:\/\/unofficial.ie\/\" target=\"_blank\">\n\t\t\t\t\t\t\t<img decoding=\"async\" width=\"1318\" height=\"456\" src=\"https:\/\/upnowaste.eu\/wp-content\/uploads\/2025\/02\/unofficial.png\" class=\"attachment-full size-full wp-image-41\" alt=\"\" srcset=\"https:\/\/upnowaste.eu\/wp-content\/uploads\/2025\/02\/unofficial.png 1318w, https:\/\/upnowaste.eu\/wp-content\/uploads\/2025\/02\/unofficial-300x104.png 300w, https:\/\/upnowaste.eu\/wp-content\/uploads\/2025\/02\/unofficial-1024x354.png 1024w, https:\/\/upnowaste.eu\/wp-content\/uploads\/2025\/02\/unofficial-768x266.png 768w\" sizes=\"(max-width: 1318px) 100vw, 1318px\" \/>\t\t\t\t\t\t\t\t<\/a>\n\t\t\t\t\t\t\t\t\t\t\t\t\t\t\t<\/div>\n\t\t\t\t<\/div>\n\t\t\t\t<div class=\"elementor-element elementor-element-d2fecca elementor-widget elementor-widget-heading\" data-id=\"d2fecca\" data-element_type=\"widget\" data-e-type=\"widget\" data-widget_type=\"heading.default\">\n\t\t\t\t<div class=\"elementor-widget-container\">\n\t\t\t\t\t<h4 class=\"elementor-heading-title elementor-size-default\"><h4 data-elementor-setting-key=\"title\" data-pen-placeholder=\"Type Here...\" style=\"font-size: 1.41176rem;font-style: normal\">Unofficial Media and Training Limited (\u0130rlanda)<span style=\"color: var(--ast-global-color-2);font-size: 1.41176rem;font-style: inherit;text-align: var(--text-align);background-color: var(--ast-global-color-5)\"><\/span><\/h4><\/h4>\t\t\t\t<\/div>\n\t\t\t\t<\/div>\n\t\t\t\t<div class=\"elementor-element elementor-element-b89b372 elementor-widget elementor-widget-text-editor\" data-id=\"b89b372\" data-element_type=\"widget\" data-e-type=\"widget\" data-widget_type=\"text-editor.default\">\n\t\t\t\t<div class=\"elementor-widget-container\">\n\t\t\t\t\t\t\t\t\t<p>S\u00fcrd\u00fcr\u00fclebilirlik e\u011fitimini medya projelerine entegre eden bir dijital medya e\u011fitim \u015firketi. \u0130leri ya\u015f \u00f6\u011frenciler i\u00e7in dijital onar\u0131m kafeleri geli\u015ftirmi\u015f, gen\u00e7lerin \u00f6nc\u00fcl\u00fck etti\u011fi geri d\u00f6n\u00fc\u015f\u00fcm projelerini desteklemi\u015f ve s\u00fcrd\u00fcr\u00fclebilir film yap\u0131m\u0131 e\u011fitimi vermi\u015ftir.<\/p>\t\t\t\t\t\t\t\t<\/div>\n\t\t\t\t<\/div>\n\t\t\t\t<\/div>\n\t\t<div class=\"elementor-element elementor-element-bd4315a e-con-full e-flex e-con e-child\" data-id=\"bd4315a\" data-element_type=\"container\" data-e-type=\"container\">\n\t\t\t\t<div class=\"elementor-element elementor-element-e34e69c elementor-widget elementor-widget-image\" data-id=\"e34e69c\" data-element_type=\"widget\" data-e-type=\"widget\" data-widget_type=\"image.default\">\n\t\t\t\t<div class=\"elementor-widget-container\">\n\t\t\t\t\t\t\t\t\t\t\t\t\t\t\t\t<a href=\"http:\/\/www.trebag.hu\/\" target=\"_blank\">\n\t\t\t\t\t\t\t<img loading=\"lazy\" decoding=\"async\" width=\"8000\" height=\"4500\" src=\"https:\/\/upnowaste.eu\/wp-content\/uploads\/2025\/02\/TREBAG_EN_PNG_TRANSP-01.png\" class=\"attachment-full size-full wp-image-40\" alt=\"\" srcset=\"https:\/\/upnowaste.eu\/wp-content\/uploads\/2025\/02\/TREBAG_EN_PNG_TRANSP-01.png 8000w, https:\/\/upnowaste.eu\/wp-content\/uploads\/2025\/02\/TREBAG_EN_PNG_TRANSP-01-300x169.png 300w, https:\/\/upnowaste.eu\/wp-content\/uploads\/2025\/02\/TREBAG_EN_PNG_TRANSP-01-1024x576.png 1024w, https:\/\/upnowaste.eu\/wp-content\/uploads\/2025\/02\/TREBAG_EN_PNG_TRANSP-01-768x432.png 768w, https:\/\/upnowaste.eu\/wp-content\/uploads\/2025\/02\/TREBAG_EN_PNG_TRANSP-01-1536x864.png 1536w, https:\/\/upnowaste.eu\/wp-content\/uploads\/2025\/02\/TREBAG_EN_PNG_TRANSP-01-2048x1152.png 2048w\" sizes=\"(max-width: 8000px) 100vw, 8000px\" \/>\t\t\t\t\t\t\t\t<\/a>\n\t\t\t\t\t\t\t\t\t\t\t\t\t\t\t<\/div>\n\t\t\t\t<\/div>\n\t\t\t\t<div class=\"elementor-element elementor-element-956f5b9 elementor-widget elementor-widget-heading\" data-id=\"956f5b9\" data-element_type=\"widget\" data-e-type=\"widget\" data-widget_type=\"heading.default\">\n\t\t\t\t<div class=\"elementor-widget-container\">\n\t\t\t\t\t<h4 class=\"elementor-heading-title elementor-size-default\"><h4 data-elementor-setting-key=\"title\" data-pen-placeholder=\"Type Here...\" style=\"font-size: 1.41176rem;font-style: normal\">TREBAG Szellemi Tulajdon \u00e9s Projektmenedzser Kft (Macaristan)<span style=\"color: var(--ast-global-color-2);font-size: 1.41176rem;font-style: inherit;text-align: var(--text-align);background-color: var(--ast-global-color-5)\"><\/span><\/h4><\/h4>\t\t\t\t<\/div>\n\t\t\t\t<\/div>\n\t\t\t\t<div class=\"elementor-element elementor-element-18dcf8d elementor-widget elementor-widget-text-editor\" data-id=\"18dcf8d\" data-element_type=\"widget\" data-e-type=\"widget\" data-widget_type=\"text-editor.default\">\n\t\t\t\t<div class=\"elementor-widget-container\">\n\t\t\t\t\t\t\t\t\t<p>Yeti\u015fkin e\u011fitimi, inovasyon ve s\u00fcrd\u00fcr\u00fclebilirli\u011fe odaklanan bir Ar-Ge \u015firketi ve Living Lab. Geri d\u00f6n\u00fc\u015f\u00fcm ve ye\u015fil beceriler konusunda e\u011fitim materyalleri geli\u015ftirme konusunda deneyime sahiptir ve d\u00f6ng\u00fcsel ekonomi uygulamalar\u0131nda uzmanl\u0131\u011fa katk\u0131da bulunur.<\/p>\t\t\t\t\t\t\t\t<\/div>\n\t\t\t\t<\/div>\n\t\t\t\t<\/div>\n\t\t\t\t\t<\/div>\n\t\t\t\t<\/div>\n\t\t<div class=\"elementor-element elementor-element-06db40a e-flex e-con-boxed e-con e-parent\" data-id=\"06db40a\" data-element_type=\"container\" data-e-type=\"container\">\n\t\t\t\t\t<div class=\"e-con-inner\">\n\t\t<div class=\"elementor-element elementor-element-1cea99f e-con-full e-flex e-con e-child\" data-id=\"1cea99f\" data-element_type=\"container\" data-e-type=\"container\">\n\t\t\t\t<div class=\"elementor-element elementor-element-9494a31 elementor-widget elementor-widget-image\" data-id=\"9494a31\" data-element_type=\"widget\" data-e-type=\"widget\" data-widget_type=\"image.default\">\n\t\t\t\t<div class=\"elementor-widget-container\">\n\t\t\t\t\t\t\t\t\t\t\t\t\t\t\t<img loading=\"lazy\" decoding=\"async\" width=\"500\" height=\"500\" src=\"https:\/\/upnowaste.eu\/wp-content\/uploads\/2025\/02\/LOGO-ITINE\u0301RAIRES-bleu.jpg\" class=\"attachment-full size-full wp-image-38\" alt=\"\" srcset=\"https:\/\/upnowaste.eu\/wp-content\/uploads\/2025\/02\/LOGO-ITINE\u0301RAIRES-bleu.jpg 500w, https:\/\/upnowaste.eu\/wp-content\/uploads\/2025\/02\/LOGO-ITINE\u0301RAIRES-bleu-300x300.jpg 300w, https:\/\/upnowaste.eu\/wp-content\/uploads\/2025\/02\/LOGO-ITINE\u0301RAIRES-bleu-150x150.jpg 150w\" sizes=\"(max-width: 500px) 100vw, 500px\" \/>\t\t\t\t\t\t\t\t\t\t\t\t\t\t\t<\/div>\n\t\t\t\t<\/div>\n\t\t\t\t<div class=\"elementor-element elementor-element-19e9332 elementor-widget elementor-widget-heading\" data-id=\"19e9332\" data-element_type=\"widget\" data-e-type=\"widget\" data-widget_type=\"heading.default\">\n\t\t\t\t<div class=\"elementor-widget-container\">\n\t\t\t\t\t<h4 class=\"elementor-heading-title elementor-size-default\">Itin\u00e9raires: Destination Europe (Fransa)<\/h4>\t\t\t\t<\/div>\n\t\t\t\t<\/div>\n\t\t\t\t<div class=\"elementor-element elementor-element-60a36bd elementor-widget elementor-widget-text-editor\" data-id=\"60a36bd\" data-element_type=\"widget\" data-e-type=\"widget\" data-widget_type=\"text-editor.default\">\n\t\t\t\t<div class=\"elementor-widget-container\">\n\t\t\t\t\t\t\t\t\t<p>Avrupa vatanda\u015fl\u0131\u011f\u0131n\u0131 ve sivil kat\u0131l\u0131m\u0131 te\u015fvik eden, k\u00e2r amac\u0131 g\u00fctmeyen bir kurulu\u015f. \u00c7evre e\u011fitimi, dijital okuryazarl\u0131k ve s\u00fcrd\u00fcr\u00fclebilirlik fark\u0131ndal\u0131k kampanyalar\u0131 \u00fczerinde \u00e7al\u0131\u015fmaktad\u0131r. Kurulu\u015f, dijital at\u0131k ve geri d\u00f6n\u00fc\u015f\u00fcm konusunda at\u00f6lye \u00e7al\u0131\u015fmalar\u0131 y\u00fcr\u00fctme deneyimine sahiptir.<\/p>\t\t\t\t\t\t\t\t<\/div>\n\t\t\t\t<\/div>\n\t\t\t\t<\/div>\n\t\t<div class=\"elementor-element elementor-element-104fa8d e-con-full e-flex e-con e-child\" data-id=\"104fa8d\" data-element_type=\"container\" data-e-type=\"container\">\n\t\t\t\t<div class=\"elementor-element elementor-element-de53e15 elementor-widget elementor-widget-image\" data-id=\"de53e15\" data-element_type=\"widget\" data-e-type=\"widget\" data-widget_type=\"image.default\">\n\t\t\t\t<div class=\"elementor-widget-container\">\n\t\t\t\t\t\t\t\t\t\t\t\t\t\t\t\t<a href=\"https:\/\/giresunlisesi.meb.k12.tr\/\" target=\"_blank\">\n\t\t\t\t\t\t\t<img loading=\"lazy\" decoding=\"async\" width=\"1248\" height=\"1329\" src=\"https:\/\/upnowaste.eu\/wp-content\/uploads\/2025\/02\/Giresun_Lisesi-PNG-1.png\" class=\"attachment-full size-full wp-image-37\" alt=\"\" srcset=\"https:\/\/upnowaste.eu\/wp-content\/uploads\/2025\/02\/Giresun_Lisesi-PNG-1.png 1248w, https:\/\/upnowaste.eu\/wp-content\/uploads\/2025\/02\/Giresun_Lisesi-PNG-1-282x300.png 282w, https:\/\/upnowaste.eu\/wp-content\/uploads\/2025\/02\/Giresun_Lisesi-PNG-1-962x1024.png 962w, https:\/\/upnowaste.eu\/wp-content\/uploads\/2025\/02\/Giresun_Lisesi-PNG-1-768x818.png 768w\" sizes=\"(max-width: 1248px) 100vw, 1248px\" \/>\t\t\t\t\t\t\t\t<\/a>\n\t\t\t\t\t\t\t\t\t\t\t\t\t\t\t<\/div>\n\t\t\t\t<\/div>\n\t\t\t\t<div class=\"elementor-element elementor-element-06e3299 elementor-widget elementor-widget-heading\" data-id=\"06e3299\" data-element_type=\"widget\" data-e-type=\"widget\" data-widget_type=\"heading.default\">\n\t\t\t\t<div class=\"elementor-widget-container\">\n\t\t\t\t\t<h4 class=\"elementor-heading-title elementor-size-default\">Giresun Lisesi (T\u00fcrkiye)<\/h4>\t\t\t\t<\/div>\n\t\t\t\t<\/div>\n\t\t\t\t<div class=\"elementor-element elementor-element-269a39f elementor-widget elementor-widget-text-editor\" data-id=\"269a39f\" data-element_type=\"widget\" data-e-type=\"widget\" data-widget_type=\"text-editor.default\">\n\t\t\t\t<div class=\"elementor-widget-container\">\n\t\t\t\t\t\t\t\t\t<p>Halk e\u011fitim merkezleri arac\u0131l\u0131\u011f\u0131yla yeti\u015fkin e\u011fitimi konusunda deneyim sahibi bir devlet lisesi. Okul, \u00e7evre bilincini aktif bir \u015fekilde te\u015fvik etmekte, \u00f6\u011frenciler ve veliler i\u00e7in ileri d\u00f6n\u00fc\u015f\u00fcm ve geri d\u00f6n\u00fc\u015f\u00fcm at\u00f6lyeleri d\u00fczenlemekte ve e\u011fitimde s\u00fcrd\u00fcr\u00fclebilirli\u011fi te\u015fvik etmektedir.<\/p>\t\t\t\t\t\t\t\t<\/div>\n\t\t\t\t<\/div>\n\t\t\t\t<\/div>\n\t\t<div class=\"elementor-element elementor-element-a5538b0 e-con-full e-flex e-con e-child\" data-id=\"a5538b0\" data-element_type=\"container\" data-e-type=\"container\">\n\t\t\t\t<div class=\"elementor-element elementor-element-c6e3da8 elementor-widget elementor-widget-image\" data-id=\"c6e3da8\" data-element_type=\"widget\" data-e-type=\"widget\" data-widget_type=\"image.default\">\n\t\t\t\t<div class=\"elementor-widget-container\">\n\t\t\t\t\t\t\t\t\t\t\t\t\t\t\t\t<a href=\"https:\/\/www.zavodgea.com\/\" target=\"_blank\">\n\t\t\t\t\t\t\t<img loading=\"lazy\" decoding=\"async\" width=\"236\" height=\"236\" src=\"https:\/\/upnowaste.eu\/wp-content\/uploads\/2025\/02\/GEA-new-logo.jpg\" class=\"attachment-full size-full wp-image-36\" alt=\"\" srcset=\"https:\/\/upnowaste.eu\/wp-content\/uploads\/2025\/02\/GEA-new-logo.jpg 236w, https:\/\/upnowaste.eu\/wp-content\/uploads\/2025\/02\/GEA-new-logo-150x150.jpg 150w\" sizes=\"(max-width: 236px) 100vw, 236px\" \/>\t\t\t\t\t\t\t\t<\/a>\n\t\t\t\t\t\t\t\t\t\t\t\t\t\t\t<\/div>\n\t\t\t\t<\/div>\n\t\t\t\t<div class=\"elementor-element elementor-element-bf71e3b elementor-widget elementor-widget-heading\" data-id=\"bf71e3b\" data-element_type=\"widget\" data-e-type=\"widget\" data-widget_type=\"heading.default\">\n\t\t\t\t<div class=\"elementor-widget-container\">\n\t\t\t\t\t<h4 class=\"elementor-heading-title elementor-size-default\">Zavod GEA (Slovenya)<\/h4>\t\t\t\t<\/div>\n\t\t\t\t<\/div>\n\t\t\t\t<div class=\"elementor-element elementor-element-394fe68 elementor-widget elementor-widget-text-editor\" data-id=\"394fe68\" data-element_type=\"widget\" data-e-type=\"widget\" data-widget_type=\"text-editor.default\">\n\t\t\t\t<div class=\"elementor-widget-container\">\n\t\t\t\t\t\t\t\t\t<p>Dezavantajl\u0131 gruplar\u0131 destekleyen bir sosyal giri\u015fim ve \u00f6\u011frenme merkezi. Psikososyal dan\u0131\u015fmanl\u0131k, sosyal inovasyon ve \u00e7evresel s\u00fcrd\u00fcr\u00fclebilirlik e\u011fitimi konular\u0131nda uzmanla\u015fm\u0131\u015ft\u0131r ve iklim okuryazarl\u0131\u011f\u0131 ve s\u00fcrd\u00fcr\u00fclebilirlik konular\u0131nda AB projelerinde deneyim sahibidir.<\/p>\t\t\t\t\t\t\t\t<\/div>\n\t\t\t\t<\/div>\n\t\t\t\t<\/div>\n\t\t\t\t\t<\/div>\n\t\t\t\t<\/div>\n\t\t<div class=\"elementor-element elementor-element-7a7b871 e-flex e-con-boxed e-con e-parent\" data-id=\"7a7b871\" data-element_type=\"container\" data-e-type=\"container\" data-settings=\"{&quot;background_background&quot;:&quot;classic&quot;}\">\n\t\t\t\t\t<div class=\"e-con-inner\">\n\t\t<div class=\"elementor-element elementor-element-e29a3fa e-con-full e-flex e-con e-child\" data-id=\"e29a3fa\" data-element_type=\"container\" data-e-type=\"container\">\n\t\t\t\t<div class=\"elementor-element elementor-element-ba46944 elementor-widget elementor-widget-heading\" data-id=\"ba46944\" data-element_type=\"widget\" data-e-type=\"widget\" data-widget_type=\"heading.default\">\n\t\t\t\t<div class=\"elementor-widget-container\">\n\t\t\t\t\t<h2 class=\"elementor-heading-title elementor-size-default\">Ba\u011flant\u0131da kal\u0131n<\/h2>\t\t\t\t<\/div>\n\t\t\t\t<\/div>\n\t\t\t\t<div class=\"elementor-element elementor-element-8e24a9a elementor-widget elementor-widget-text-editor\" data-id=\"8e24a9a\" data-element_type=\"widget\" data-e-type=\"widget\" data-widget_type=\"text-editor.default\">\n\t\t\t\t<div class=\"elementor-widget-container\">\n\t\t\t\t\t\t\t\t\t<p>UPNOWASTE'den en son haberlerle g\u00fcncel kalmak ister misiniz? \nBizi Facebook'ta takip edin!\u00a0<\/p><p>Follow us on Facebook!<\/p>\t\t\t\t\t\t\t\t<\/div>\n\t\t\t\t<\/div>\n\t\t\t\t<div class=\"elementor-element elementor-element-d01683f elementor-widget elementor-widget-facebook-page\" data-id=\"d01683f\" data-element_type=\"widget\" data-e-type=\"widget\" data-widget_type=\"facebook-page.default\">\n\t\t\t\t<div class=\"elementor-widget-container\">\n\t\t\t\t\t<div class=\"elementor-facebook-widget fb-page\" data-href=\"https:\/\/www.facebook.com\/profile.php?id=61572324536723\" data-tabs=\"timeline\" data-height=\"490px\" data-width=\"500px\" data-small-header=\"false\" data-hide-cover=\"false\" data-show-facepile=\"true\" data-hide-cta=\"false\" style=\"min-height: 1px;height:490px\"><\/div>\t\t\t\t<\/div>\n\t\t\t\t<\/div>\n\t\t\t\t<\/div>\n\t\t\t\t\t<\/div>\n\t\t\t\t<\/div>\n\t\t\t\t<\/div>","protected":false},"excerpt":{"rendered":"<p>About the project UPNOWASTE is an Erasmus+ project focused on promoting waste reduction and advancing a circular economy through upcycling. It aims to empower citizens with the knowledge and skills to repurpose materials creatively, reducing waste and fostering sustainability. The project seeks to implement Upcycling Caf\u00e9s, inspired by the Repair Caf\u00e9 methodology, to encourage intergenerational [&hellip;]<\/p>\n","protected":false},"author":1,"featured_media":0,"parent":0,"menu_order":0,"comment_status":"closed","ping_status":"closed","template":"","meta":{"site-sidebar-layout":"no-sidebar","site-content-layout":"page-builder","ast-site-content-layout":"default","site-content-style":"default","site-sidebar-style":"default","ast-global-header-display":"","ast-banner-title-visibility":"","ast-main-header-display":"","ast-hfb-above-header-display":"","ast-hfb-below-header-display":"","ast-hfb-mobile-header-display":"","site-post-title":"disabled","ast-breadcrumbs-content":"","ast-featured-img":"disabled","footer-sml-layout":"","ast-disable-related-posts":"","theme-transparent-header-meta":"enabled","adv-header-id-meta":"","stick-header-meta":"","header-above-stick-meta":"","header-main-stick-meta":"","header-below-stick-meta":"","astra-migrate-meta-layouts":"default","ast-page-background-enabled":"default","ast-page-background-meta":{"desktop":{"background-color":"var(--ast-global-color-4)","background-image":"","background-repeat":"repeat","background-position":"center center","background-size":"auto","background-attachment":"scroll","background-type":"","background-media":"","overlay-type":"","overlay-color":"","overlay-opacity":"","overlay-gradient":""},"tablet":{"background-color":"","background-image":"","background-repeat":"repeat","background-position":"center center","background-size":"auto","background-attachment":"scroll","background-type":"","background-media":"","overlay-type":"","overlay-color":"","overlay-opacity":"","overlay-gradient":""},"mobile":{"background-color":"","background-image":"","background-repeat":"repeat","background-position":"center center","background-size":"auto","background-attachment":"scroll","background-type":"","background-media":"","overlay-type":"","overlay-color":"","overlay-opacity":"","overlay-gradient":""}},"ast-content-background-meta":{"desktop":{"background-color":"var(--ast-global-color-5)","background-image":"","background-repeat":"repeat","background-position":"center center","background-size":"auto","background-attachment":"scroll","background-type":"","background-media":"","overlay-type":"","overlay-color":"","overlay-opacity":"","overlay-gradient":""},"tablet":{"background-color":"var(--ast-global-color-5)","background-image":"","background-repeat":"repeat","background-position":"center center","background-size":"auto","background-attachment":"scroll","background-type":"","background-media":"","overlay-type":"","overlay-color":"","overlay-opacity":"","overlay-gradient":""},"mobile":{"background-color":"var(--ast-global-color-5)","background-image":"","background-repeat":"repeat","background-position":"center center","background-size":"auto","background-attachment":"scroll","background-type":"","background-media":"","overlay-type":"","overlay-color":"","overlay-opacity":"","overlay-gradient":""}},"footnotes":""},"class_list":["post-1448","page","type-page","status-publish","hentry"],"_links":{"self":[{"href":"https:\/\/upnowaste.eu\/tr\/wp-json\/wp\/v2\/pages\/1448","targetHints":{"allow":["GET"]}}],"collection":[{"href":"https:\/\/upnowaste.eu\/tr\/wp-json\/wp\/v2\/pages"}],"about":[{"href":"https:\/\/upnowaste.eu\/tr\/wp-json\/wp\/v2\/types\/page"}],"author":[{"embeddable":true,"href":"https:\/\/upnowaste.eu\/tr\/wp-json\/wp\/v2\/users\/1"}],"replies":[{"embeddable":true,"href":"https:\/\/upnowaste.eu\/tr\/wp-json\/wp\/v2\/comments?post=1448"}],"version-history":[{"count":36,"href":"https:\/\/upnowaste.eu\/tr\/wp-json\/wp\/v2\/pages\/1448\/revisions"}],"predecessor-version":[{"id":1900,"href":"https:\/\/upnowaste.eu\/tr\/wp-json\/wp\/v2\/pages\/1448\/revisions\/1900"}],"wp:attachment":[{"href":"https:\/\/upnowaste.eu\/tr\/wp-json\/wp\/v2\/media?parent=1448"}],"curies":[{"name":"wp","href":"https:\/\/api.w.org\/{rel}","templated":true}]}}