{"id":1712,"date":"2025-02-21T18:33:18","date_gmt":"2025-02-21T18:33:18","guid":{"rendered":"https:\/\/upnowaste.eu\/contact-3\/"},"modified":"2025-02-22T11:06:14","modified_gmt":"2025-02-22T11:06:14","slug":"contact-3","status":"publish","type":"page","link":"https:\/\/upnowaste.eu\/sl\/contact-3\/","title":{"rendered":"Novice"},"content":{"rendered":"<div data-elementor-type=\"wp-page\" data-elementor-id=\"1712\" class=\"elementor elementor-1712\" data-elementor-post-type=\"page\">\n\t\t\t\t<div class=\"elementor-element elementor-element-f86c29d e-flex e-con-boxed e-con e-parent\" data-id=\"f86c29d\" data-element_type=\"container\" data-e-type=\"container\" data-settings=\"{&quot;background_background&quot;:&quot;classic&quot;}\">\n\t\t\t\t\t<div class=\"e-con-inner\">\n\t\t<div class=\"elementor-element elementor-element-c104332 e-con-full e-flex e-con e-child\" data-id=\"c104332\" data-element_type=\"container\" data-e-type=\"container\">\n\t\t\t\t<div class=\"elementor-element elementor-element-25e01e3 elementor-widget elementor-widget-heading\" data-id=\"25e01e3\" data-element_type=\"widget\" data-e-type=\"widget\" data-widget_type=\"heading.default\">\n\t\t\t\t<div class=\"elementor-widget-container\">\n\t\t\t\t\t<h1 class=\"elementor-heading-title elementor-size-default\">Novice<\/h1>\t\t\t\t<\/div>\n\t\t\t\t<\/div>\n\t\t\t\t<\/div>\n\t\t\t\t\t<\/div>\n\t\t\t\t<\/div>\n\t\t<div class=\"elementor-element elementor-element-b68765f e-flex e-con-boxed e-con e-parent\" data-id=\"b68765f\" data-element_type=\"container\" data-e-type=\"container\" data-settings=\"{&quot;background_background&quot;:&quot;classic&quot;}\">\n\t\t\t\t\t<div class=\"e-con-inner\">\n\t\t\t\t<div class=\"elementor-element elementor-element-8e355ff elementor-widget elementor-widget-text-editor\" data-id=\"8e355ff\" data-element_type=\"widget\" data-e-type=\"widget\" data-widget_type=\"text-editor.default\">\n\t\t\t\t<div class=\"elementor-widget-container\">\n\t\t\t\t\t\t\t\t\t<p>Dobrodo\u0161li v rubriki UPNOWASTE Novice! Tu boste na\u0161li najnovej\u0161e novice o na\u0161em projektu, vklju\u010dno z novicami, sporo\u010dili za javnost in klju\u010dnimi mejniki pri na\u0161em prizadevanju za spodbujanje recikliranja in trajnosti.<\/p>\t\t\t\t\t\t\t\t<\/div>\n\t\t\t\t<\/div>\n\t\t\t\t<div class=\"elementor-element elementor-element-3207891 elementor-widget elementor-widget-heading\" data-id=\"3207891\" data-element_type=\"widget\" data-e-type=\"widget\" data-widget_type=\"heading.default\">\n\t\t\t\t<div class=\"elementor-widget-container\">\n\t\t\t\t\t<h2 class=\"elementor-heading-title elementor-size-default\">Sporo\u010dilo za javnost \u0161t. 1<\/h2>\t\t\t\t<\/div>\n\t\t\t\t<\/div>\n\t\t\t\t<div class=\"elementor-element elementor-element-ea2612e elementor-widget elementor-widget-text-editor\" data-id=\"ea2612e\" data-element_type=\"widget\" data-e-type=\"widget\" data-widget_type=\"text-editor.default\">\n\t\t\t\t<div class=\"elementor-widget-container\">\n\t\t\t\t\t\t\t\t\t<p>25\/01\/2025<\/p>\t\t\t\t\t\t\t\t<\/div>\n\t\t\t\t<\/div>\n\t\t\t\t<div class=\"elementor-element elementor-element-1b4b067 elementor-widget elementor-widget-image\" data-id=\"1b4b067\" data-element_type=\"widget\" data-e-type=\"widget\" data-widget_type=\"image.default\">\n\t\t\t\t<div class=\"elementor-widget-container\">\n\t\t\t\t\t\t\t\t\t\t\t\t\t\t\t<img fetchpriority=\"high\" decoding=\"async\" width=\"1024\" height=\"887\" src=\"https:\/\/upnowaste.eu\/wp-content\/uploads\/2025\/02\/Screenshot-2025-02-22-at-10.49.47-1024x887.png\" class=\"attachment-large size-large wp-image-1840\" alt=\"\" srcset=\"https:\/\/upnowaste.eu\/wp-content\/uploads\/2025\/02\/Screenshot-2025-02-22-at-10.49.47-1024x887.png 1024w, https:\/\/upnowaste.eu\/wp-content\/uploads\/2025\/02\/Screenshot-2025-02-22-at-10.49.47-300x260.png 300w, https:\/\/upnowaste.eu\/wp-content\/uploads\/2025\/02\/Screenshot-2025-02-22-at-10.49.47-768x665.png 768w, https:\/\/upnowaste.eu\/wp-content\/uploads\/2025\/02\/Screenshot-2025-02-22-at-10.49.47-1536x1330.png 1536w, https:\/\/upnowaste.eu\/wp-content\/uploads\/2025\/02\/Screenshot-2025-02-22-at-10.49.47.png 1776w\" sizes=\"(max-width: 1024px) 100vw, 1024px\" \/>\t\t\t\t\t\t\t\t\t\t\t\t\t\t\t<\/div>\n\t\t\t\t<\/div>\n\t\t\t\t<div class=\"elementor-element elementor-element-ac6cac8 elementor-align-center elementor-widget elementor-widget-button\" data-id=\"ac6cac8\" data-element_type=\"widget\" data-e-type=\"widget\" data-widget_type=\"button.default\">\n\t\t\t\t<div class=\"elementor-widget-container\">\n\t\t\t\t\t\t\t\t\t<div class=\"elementor-button-wrapper\">\n\t\t\t\t\t<a class=\"elementor-button elementor-button-link elementor-size-sm\" href=\"https:\/\/drive.google.com\/file\/d\/1Bli_LxoBansz6fvtZozVlBdMdEH6JKko\/view?usp=sharing\" target=\"_blank\">\n\t\t\t\t\t\t<span class=\"elementor-button-content-wrapper\">\n\t\t\t\t\t\t\t\t\t<span class=\"elementor-button-text\">Prenesi<\/span>\n\t\t\t\t\t<\/span>\n\t\t\t\t\t<\/a>\n\t\t\t\t<\/div>\n\t\t\t\t\t\t\t\t<\/div>\n\t\t\t\t<\/div>\n\t\t\t\t\t<\/div>\n\t\t\t\t<\/div>\n\t\t\t\t<\/div>","protected":false},"excerpt":{"rendered":"<p>NEWS Welcome to the UPNOWASTE News section! Here, you\u2019ll find the latest updates on our project, including newsletters, press releases, and key milestones as we work towards promoting upcycling and sustainability. Press Release No.1 25\/01\/2025 Download<\/p>","protected":false},"author":1,"featured_media":0,"parent":0,"menu_order":0,"comment_status":"closed","ping_status":"closed","template":"","meta":{"site-sidebar-layout":"no-sidebar","site-content-layout":"page-builder","ast-site-content-layout":"full-width-container","site-content-style":"unboxed","site-sidebar-style":"unboxed","ast-global-header-display":"","ast-banner-title-visibility":"","ast-main-header-display":"","ast-hfb-above-header-display":"","ast-hfb-below-header-display":"","ast-hfb-mobile-header-display":"","site-post-title":"disabled","ast-breadcrumbs-content":"","ast-featured-img":"disabled","footer-sml-layout":"","ast-disable-related-posts":"","theme-transparent-header-meta":"enabled","adv-header-id-meta":"","stick-header-meta":"","header-above-stick-meta":"","header-main-stick-meta":"","header-below-stick-meta":"","astra-migrate-meta-layouts":"set","ast-page-background-enabled":"default","ast-page-background-meta":{"desktop":{"background-color":"var(--ast-global-color-4)","background-image":"","background-repeat":"repeat","background-position":"center center","background-size":"auto","background-attachment":"scroll","background-type":"","background-media":"","overlay-type":"","overlay-color":"","overlay-opacity":"","overlay-gradient":""},"tablet":{"background-color":"","background-image":"","background-repeat":"repeat","background-position":"center center","background-size":"auto","background-attachment":"scroll","background-type":"","background-media":"","overlay-type":"","overlay-color":"","overlay-opacity":"","overlay-gradient":""},"mobile":{"background-color":"","background-image":"","background-repeat":"repeat","background-position":"center center","background-size":"auto","background-attachment":"scroll","background-type":"","background-media":"","overlay-type":"","overlay-color":"","overlay-opacity":"","overlay-gradient":""}},"ast-content-background-meta":{"desktop":{"background-color":"var(--ast-global-color-5)","background-image":"","background-repeat":"repeat","background-position":"center center","background-size":"auto","background-attachment":"scroll","background-type":"","background-media":"","overlay-type":"","overlay-color":"","overlay-opacity":"","overlay-gradient":""},"tablet":{"background-color":"var(--ast-global-color-5)","background-image":"","background-repeat":"repeat","background-position":"center center","background-size":"auto","background-attachment":"scroll","background-type":"","background-media":"","overlay-type":"","overlay-color":"","overlay-opacity":"","overlay-gradient":""},"mobile":{"background-color":"var(--ast-global-color-5)","background-image":"","background-repeat":"repeat","background-position":"center center","background-size":"auto","background-attachment":"scroll","background-type":"","background-media":"","overlay-type":"","overlay-color":"","overlay-opacity":"","overlay-gradient":""}},"footnotes":""},"class_list":["post-1712","page","type-page","status-publish","hentry"],"_links":{"self":[{"href":"https:\/\/upnowaste.eu\/sl\/wp-json\/wp\/v2\/pages\/1712","targetHints":{"allow":["GET"]}}],"collection":[{"href":"https:\/\/upnowaste.eu\/sl\/wp-json\/wp\/v2\/pages"}],"about":[{"href":"https:\/\/upnowaste.eu\/sl\/wp-json\/wp\/v2\/types\/page"}],"author":[{"embeddable":true,"href":"https:\/\/upnowaste.eu\/sl\/wp-json\/wp\/v2\/users\/1"}],"replies":[{"embeddable":true,"href":"https:\/\/upnowaste.eu\/sl\/wp-json\/wp\/v2\/comments?post=1712"}],"version-history":[{"count":15,"href":"https:\/\/upnowaste.eu\/sl\/wp-json\/wp\/v2\/pages\/1712\/revisions"}],"predecessor-version":[{"id":1853,"href":"https:\/\/upnowaste.eu\/sl\/wp-json\/wp\/v2\/pages\/1712\/revisions\/1853"}],"wp:attachment":[{"href":"https:\/\/upnowaste.eu\/sl\/wp-json\/wp\/v2\/media?parent=1712"}],"curies":[{"name":"wp","href":"https:\/\/api.w.org\/{rel}","templated":true}]}}